{"id":1651,"date":"2025-12-24T07:28:18","date_gmt":"2025-12-24T06:28:18","guid":{"rendered":"https:\/\/www.kchmppp.sk\/breeding-dog"},"modified":"2025-12-30T07:21:43","modified_gmt":"2025-12-30T06:21:43","slug":"breeding-dog","status":"publish","type":"page","link":"https:\/\/www.kchmppp.sk\/en\/breeding-dog","title":{"rendered":"breeding dog"},"content":{"rendered":"\t\t<div data-elementor-type=\"wp-page\" data-elementor-id=\"1651\" class=\"elementor elementor-1651 elementor-521\" data-elementor-post-type=\"page\">\n\t\t\t\t<div class=\"elementor-element elementor-element-7c301f50 e-flex e-con-boxed e-con e-parent\" data-id=\"7c301f50\" data-element_type=\"container\" data-e-type=\"container\">\n\t\t\t\t\t<div class=\"e-con-inner\">\n\t\t\t\t<div class=\"elementor-element elementor-element-435b5537 elementor-widget elementor-widget-heading\" data-id=\"435b5537\" data-element_type=\"widget\" data-e-type=\"widget\" data-widget_type=\"heading.default\">\n\t\t\t\t\t<h6 class=\"elementor-heading-title elementor-size-default\">Formul\u00e1r na zverejnenie chovn\u00e9ho jedinca na web str\u00e1nke klubu<\/h6>\t\t\t\t<\/div>\n\t\t\t\t<div class=\"elementor-element elementor-element-3abcef13 elementor-widget elementor-widget-text-editor\" data-id=\"3abcef13\" data-element_type=\"widget\" data-e-type=\"widget\" data-widget_type=\"text-editor.default\">\n\t\t\t\t\t\t\t\t\t<p><em>Vypl\u0148te formul\u00e1r online. Do pol\u00ed\u010dka, kde nem\u00e1te \u017eiaden \u00fadaj vlo\u017ete iba poml\u010dku (-). Nezabudnite nahra\u0165 fotok\u00f3piu rodokme\u0148a a fotografiu psa. Ak sa jedn\u00e1 o aktualiz\u00e1ciu \u00fadajov u\u017e zverejnen\u00e9ho jedinca, alebo jedinca vyraden\u00e9ho z chovu &#8211; vek nap\u00ed\u0161te to do pozn\u00e1mky v spodnej \u010dasti formul\u00e1ra. Vyplnen\u00edm formul\u00e1ra majite\u013e jedinca prehlasuje, \u017ee v\u0161etky \u00fadaje s\u00fa pravdiv\u00e9. <\/em><em>\u010eakujeme. <\/em> <\/p>\t\t\t\t\t\t\t\t<\/div>\n\t\t\t\t<div class=\"elementor-element elementor-element-3393e242 elementor-button-align-stretch elementor-widget elementor-widget-form\" data-id=\"3393e242\" data-element_type=\"widget\" data-e-type=\"widget\" data-settings=\"{&quot;step_next_label&quot;:&quot;Next&quot;,&quot;step_previous_label&quot;:&quot;Previous&quot;,&quot;button_width&quot;:&quot;100&quot;,&quot;step_type&quot;:&quot;number_text&quot;,&quot;step_icon_shape&quot;:&quot;circle&quot;}\" data-widget_type=\"form.default\">\n\t\t\t\t\t\t\t<form class=\"elementor-form\" method=\"post\" name=\"Breeding dog\" aria-label=\"Breeding dog\">\n\t\t\t<input type=\"hidden\" name=\"post_id\" value=\"1651\"\/>\n\t\t\t<input type=\"hidden\" name=\"form_id\" value=\"3393e242\"\/>\n\t\t\t<input type=\"hidden\" name=\"referer_title\" value=\"breeding dog\" \/>\n\n\t\t\t\t\t\t\t<input type=\"hidden\" name=\"queried_id\" value=\"1651\"\/>\n\t\t\t\n\t\t\t<div class=\"elementor-form-fields-wrapper elementor-labels-above\">\n\t\t\t\t\t\t\t\t<div class=\"elementor-field-type-text elementor-field-group elementor-column elementor-field-group-name elementor-col-100 elementor-field-required\">\n\t\t\t\t\t\t\t\t\t\t\t\t<label for=\"form-field-name\" class=\"elementor-field-label\">\n\t\t\t\t\t\t\t\tName of dog:\t\t\t\t\t\t\t<\/label>\n\t\t\t\t\t\t\t\t\t\t\t\t\t\t<input size=\"1\" type=\"text\" name=\"form_fields[name]\" id=\"form-field-name\" class=\"elementor-field elementor-size-sm  elementor-field-textual\" required=\"required\">\n\t\t\t\t\t\t\t\t\t\t\t<\/div>\n\t\t\t\t\t\t\t\t<div class=\"elementor-field-type-text elementor-field-group elementor-column elementor-field-group-field_36e1ed4 elementor-col-100 elementor-field-required\">\n\t\t\t\t\t\t\t\t\t\t\t\t<label for=\"form-field-field_36e1ed4\" class=\"elementor-field-label\">\n\t\t\t\t\t\t\t\tBreed:\t\t\t\t\t\t\t<\/label>\n\t\t\t\t\t\t\t\t\t\t\t\t\t\t<input size=\"1\" type=\"text\" name=\"form_fields[field_36e1ed4]\" id=\"form-field-field_36e1ed4\" class=\"elementor-field elementor-size-sm  elementor-field-textual\" required=\"required\">\n\t\t\t\t\t\t\t\t\t\t\t<\/div>\n\t\t\t\t\t\t\t\t<div class=\"elementor-field-type-text elementor-field-group elementor-column elementor-field-group-field_3f40550 elementor-col-20 elementor-field-required\">\n\t\t\t\t\t\t\t\t\t\t\t\t<label for=\"form-field-field_3f40550\" class=\"elementor-field-label\">\n\t\t\t\t\t\t\t\tDOB:\t\t\t\t\t\t\t<\/label>\n\t\t\t\t\t\t\t\t\t\t\t\t\t\t<input size=\"1\" type=\"text\" name=\"form_fields[field_3f40550]\" id=\"form-field-field_3f40550\" class=\"elementor-field elementor-size-sm  elementor-field-textual\" required=\"required\">\n\t\t\t\t\t\t\t\t\t\t\t<\/div>\n\t\t\t\t\t\t\t\t<div class=\"elementor-field-type-radio elementor-field-group elementor-column elementor-field-group-field_f58876e elementor-col-20 elementor-field-required\">\n\t\t\t\t\t\t\t\t\t\t\t\t<label for=\"form-field-field_f58876e\" class=\"elementor-field-label\">\n\t\t\t\t\t\t\t\tSex\t\t\t\t\t\t\t<\/label>\n\t\t\t\t\t\t<div class=\"elementor-field-subgroup  \"><span class=\"elementor-field-option\"><input type=\"radio\" value=\"Male\" id=\"form-field-field_f58876e-0\" name=\"form_fields[field_f58876e]\" required=\"required\"> <label for=\"form-field-field_f58876e-0\">Male<\/label><\/span><span class=\"elementor-field-option\"><input type=\"radio\" value=\"Female\" id=\"form-field-field_f58876e-1\" name=\"form_fields[field_f58876e]\" required=\"required\"> <label for=\"form-field-field_f58876e-1\">Female<\/label><\/span><\/div>\t\t\t\t<\/div>\n\t\t\t\t\t\t\t\t<div class=\"elementor-field-type-text elementor-field-group elementor-column elementor-field-group-field_ec19b1b elementor-col-40 elementor-field-required\">\n\t\t\t\t\t\t\t\t\t\t\t\t<label for=\"form-field-field_ec19b1b\" class=\"elementor-field-label\">\n\t\t\t\t\t\t\t\tSPKP\t\t\t\t\t\t\t<\/label>\n\t\t\t\t\t\t\t\t\t\t\t\t\t\t<input size=\"1\" type=\"text\" name=\"form_fields[field_ec19b1b]\" id=\"form-field-field_ec19b1b\" class=\"elementor-field elementor-size-sm  elementor-field-textual\" placeholder=\"\u010d. plemennej knihy \" required=\"required\">\n\t\t\t\t\t\t\t\t\t\t\t<\/div>\n\t\t\t\t\t\t\t\t<div class=\"elementor-field-type-text elementor-field-group elementor-column elementor-field-group-field_7dc317b elementor-col-20 elementor-field-required\">\n\t\t\t\t\t\t\t\t\t\t\t\t<label for=\"form-field-field_7dc317b\" class=\"elementor-field-label\">\n\t\t\t\t\t\t\t\tV\u00fd\u0161ka v koh\u00fatiku\t\t\t\t\t\t\t<\/label>\n\t\t\t\t\t\t\t\t\t\t\t\t\t\t<input size=\"1\" type=\"text\" name=\"form_fields[field_7dc317b]\" id=\"form-field-field_7dc317b\" class=\"elementor-field elementor-size-sm  elementor-field-textual\" required=\"required\">\n\t\t\t\t\t\t\t\t\t\t\t<\/div>\n\t\t\t\t\t\t\t\t<div class=\"elementor-field-type-text elementor-field-group elementor-column elementor-field-group-field_ef88e87 elementor-col-50 elementor-field-required\">\n\t\t\t\t\t\t\t\t\t\t\t\t<label for=\"form-field-field_ef88e87\" class=\"elementor-field-label\">\n\t\t\t\t\t\t\t\tOwner:\t\t\t\t\t\t\t<\/label>\n\t\t\t\t\t\t\t\t\t\t\t\t\t\t<input size=\"1\" type=\"text\" name=\"form_fields[field_ef88e87]\" id=\"form-field-field_ef88e87\" class=\"elementor-field elementor-size-sm  elementor-field-textual\" required=\"required\">\n\t\t\t\t\t\t\t\t\t\t\t<\/div>\n\t\t\t\t\t\t\t\t<div class=\"elementor-field-type-text elementor-field-group elementor-column elementor-field-group-field_4f58b52 elementor-col-50\">\n\t\t\t\t\t\t\t\t\t\t\t\t<label for=\"form-field-field_4f58b52\" class=\"elementor-field-label\">\n\t\t\t\t\t\t\t\tCo-owner:\t\t\t\t\t\t\t<\/label>\n\t\t\t\t\t\t\t\t\t\t\t\t\t\t<input size=\"1\" type=\"text\" name=\"form_fields[field_4f58b52]\" id=\"form-field-field_4f58b52\" class=\"elementor-field elementor-size-sm  elementor-field-textual\" placeholder=\"Vypl\u0148te iba ak existuje\">\n\t\t\t\t\t\t\t\t\t\t\t<\/div>\n\t\t\t\t\t\t\t\t<div class=\"elementor-field-type-text elementor-field-group elementor-column elementor-field-group-field_bfb05c8 elementor-col-50\">\n\t\t\t\t\t\t\t\t\t\t\t\t<label for=\"form-field-field_bfb05c8\" class=\"elementor-field-label\">\n\t\t\t\t\t\t\t\tBreeding dog live in:\t\t\t\t\t\t\t<\/label>\n\t\t\t\t\t\t\t\t\t\t\t\t\t\t<input size=\"1\" type=\"text\" name=\"form_fields[field_bfb05c8]\" id=\"form-field-field_bfb05c8\" class=\"elementor-field elementor-size-sm  elementor-field-textual\" placeholder=\"city\">\n\t\t\t\t\t\t\t\t\t\t\t<\/div>\n\t\t\t\t\t\t\t\t<div class=\"elementor-field-type-text elementor-field-group elementor-column elementor-field-group-field_23e9409 elementor-col-50\">\n\t\t\t\t\t\t\t\t\t\t\t\t<label for=\"form-field-field_23e9409\" class=\"elementor-field-label\">\n\t\t\t\t\t\t\t\tOwner's phone and email:\t\t\t\t\t\t\t<\/label>\n\t\t\t\t\t\t\t\t\t\t\t\t\t\t<input size=\"1\" type=\"text\" name=\"form_fields[field_23e9409]\" id=\"form-field-field_23e9409\" class=\"elementor-field elementor-size-sm  elementor-field-textual\" placeholder=\"V\u00e1\u0161 telef\u00f3n a email, ak chcete zverejni\u0165\">\n\t\t\t\t\t\t\t\t\t\t\t<\/div>\n\t\t\t\t\t\t\t\t<div class=\"elementor-field-type-text elementor-field-group elementor-column elementor-field-group-field_f0f25db elementor-col-20 elementor-field-required\">\n\t\t\t\t\t\t\t\t\t\t\t\t<label for=\"form-field-field_f0f25db\" class=\"elementor-field-label\">\n\t\t\t\t\t\t\t\tHD evaluation:\t\t\t\t\t\t\t<\/label>\n\t\t\t\t\t\t\t\t\t\t\t\t\t\t<input size=\"1\" type=\"text\" name=\"form_fields[field_f0f25db]\" id=\"form-field-field_f0f25db\" class=\"elementor-field elementor-size-sm  elementor-field-textual\" required=\"required\">\n\t\t\t\t\t\t\t\t\t\t\t<\/div>\n\t\t\t\t\t\t\t\t<div class=\"elementor-field-type-text elementor-field-group elementor-column elementor-field-group-field_37e491d elementor-col-20 elementor-field-required\">\n\t\t\t\t\t\t\t\t\t\t\t\t<label for=\"form-field-field_37e491d\" class=\"elementor-field-label\">\n\t\t\t\t\t\t\t\tED evaluation:\t\t\t\t\t\t\t<\/label>\n\t\t\t\t\t\t\t\t\t\t\t\t\t\t<input size=\"1\" type=\"text\" name=\"form_fields[field_37e491d]\" id=\"form-field-field_37e491d\" class=\"elementor-field elementor-size-sm  elementor-field-textual\" required=\"required\">\n\t\t\t\t\t\t\t\t\t\t\t<\/div>\n\t\t\t\t\t\t\t\t<div class=\"elementor-field-type-text elementor-field-group elementor-column elementor-field-group-field_610060c elementor-col-25 elementor-field-required\">\n\t\t\t\t\t\t\t\t\t\t\t\t<label for=\"form-field-field_610060c\" class=\"elementor-field-label\">\n\t\t\t\t\t\t\t\tPRA evaluation:\t\t\t\t\t\t\t<\/label>\n\t\t\t\t\t\t\t\t\t\t\t\t\t\t<input size=\"1\" type=\"text\" name=\"form_fields[field_610060c]\" id=\"form-field-field_610060c\" class=\"elementor-field elementor-size-sm  elementor-field-textual\" required=\"required\">\n\t\t\t\t\t\t\t\t\t\t\t<\/div>\n\t\t\t\t\t\t\t\t<div class=\"elementor-field-type-text elementor-field-group elementor-column elementor-field-group-field_6f81b1b elementor-col-33\">\n\t\t\t\t\t\t\t\t\t\t\t\t<label for=\"form-field-field_6f81b1b\" class=\"elementor-field-label\">\n\t\t\t\t\t\t\t\tVy\u0161etrenie lux\u00e1cia patelly \t\t\t\t\t\t\t<\/label>\n\t\t\t\t\t\t\t\t\t\t\t\t\t\t<input size=\"1\" type=\"text\" name=\"form_fields[field_6f81b1b]\" id=\"form-field-field_6f81b1b\" class=\"elementor-field elementor-size-sm  elementor-field-textual\" placeholder=\"(mudi, puli, pumi)\">\n\t\t\t\t\t\t\t\t\t\t\t<\/div>\n\t\t\t\t\t\t\t\t<div class=\"elementor-field-type-text elementor-field-group elementor-column elementor-field-group-field_b69f43c elementor-col-100 elementor-field-required\">\n\t\t\t\t\t\t\t\t\t\t\t\t<label for=\"form-field-field_b69f43c\" class=\"elementor-field-label\">\n\t\t\t\t\t\t\t\tOther evaluations:\t\t\t\t\t\t\t<\/label>\n\t\t\t\t\t\t\t\t\t\t\t\t\t\t<input size=\"1\" type=\"text\" name=\"form_fields[field_b69f43c]\" id=\"form-field-field_b69f43c\" class=\"elementor-field elementor-size-sm  elementor-field-textual\" required=\"required\">\n\t\t\t\t\t\t\t\t\t\t\t<\/div>\n\t\t\t\t\t\t\t\t<div class=\"elementor-field-type-text elementor-field-group elementor-column elementor-field-group-field_4e8bc7e elementor-col-100 elementor-field-required\">\n\t\t\t\t\t\t\t\t\t\t\t\t<label for=\"form-field-field_4e8bc7e\" class=\"elementor-field-label\">\n\t\t\t\t\t\t\t\tBite:\t\t\t\t\t\t\t<\/label>\n\t\t\t\t\t\t\t\t\t\t\t\t\t\t<input size=\"1\" type=\"text\" name=\"form_fields[field_4e8bc7e]\" id=\"form-field-field_4e8bc7e\" class=\"elementor-field elementor-size-sm  elementor-field-textual\" placeholder=\"Vyp\u00ed\u0161te &quot;no\u017enicov\u00fd&quot;, ak m\u00e1 pes in\u00fd skus, uve\u010fte o ak\u00fd ide.\" required=\"required\">\n\t\t\t\t\t\t\t\t\t\t\t<\/div>\n\t\t\t\t\t\t\t\t<div class=\"elementor-field-type-text elementor-field-group elementor-column elementor-field-group-field_20ad818 elementor-col-100 elementor-field-required\">\n\t\t\t\t\t\t\t\t\t\t\t\t<label for=\"form-field-field_20ad818\" class=\"elementor-field-label\">\n\t\t\t\t\t\t\t\tPlnochrupos\u0165\t\t\t\t\t\t\t<\/label>\n\t\t\t\t\t\t\t\t\t\t\t\t\t\t<input size=\"1\" type=\"text\" name=\"form_fields[field_20ad818]\" id=\"form-field-field_20ad818\" class=\"elementor-field elementor-size-sm  elementor-field-textual\" placeholder=\"Vyp\u00ed\u0161te &quot;plnochrup\u00fd&quot;, v pr\u00edpade ch\u00fdbaj\u00faceho zubu uve\u010fte o ktor\u00fd zub ide.\" required=\"required\">\n\t\t\t\t\t\t\t\t\t\t\t<\/div>\n\t\t\t\t\t\t\t\t<div class=\"elementor-field-type-textarea elementor-field-group elementor-column elementor-field-group-field_122f1ad elementor-col-100 elementor-field-required\">\n\t\t\t\t\t\t\t\t\t\t\t\t<label for=\"form-field-field_122f1ad\" class=\"elementor-field-label\">\n\t\t\t\t\t\t\t\tShows\t\t\t\t\t\t\t<\/label>\n\t\t\t\t\t\t<textarea class=\"elementor-field-textual elementor-field  elementor-size-sm\" name=\"form_fields[field_122f1ad]\" id=\"form-field-field_122f1ad\" rows=\"5\" placeholder=\"Pri viacer\u00fdch v\u00fdstav\u00e1ch, uve\u010fte najvy\u0161\u0161ie hodnotenie, uv\u00e1dzajte n\u00e1zvy v\u00fdstav v skr\u00e1tenom tvare \/MVP, EDS\/\" required=\"required\"><\/textarea>\t\t\t\t<\/div>\n\t\t\t\t\t\t\t\t<div class=\"elementor-field-type-text\">\n\t\t\t\t\t<input size=\"1\" type=\"text\" name=\"form_fields[field_caee9e0]\" id=\"form-field-field_caee9e0\" class=\"elementor-field elementor-size-sm \" style=\"display:none !important;\">\t\t\t\t<\/div>\n\t\t\t\t\t\t\t\t<div class=\"elementor-field-type-text\">\n\t\t\t\t\t<input size=\"1\" type=\"text\" name=\"form_fields[field_9637800]\" id=\"form-field-field_9637800\" class=\"elementor-field elementor-size-sm \" style=\"display:none !important;\">\t\t\t\t<\/div>\n\t\t\t\t\t\t\t\t<div class=\"elementor-field-type-html elementor-field-group elementor-column elementor-field-group-field_b632f0b elementor-col-100\">\n\t\t\t\t\tRodokme\u0148 jedinca je povinnou pr\u00edlohou k vyplnen\u00e9mu formul\u00e1ru. Na web str\u00e1nke bude rodokme\u0148 upraven\u00fd a zverejnen\u00e1 len \u010das\u0165 rodostromu bez \u00fadajov v r\u00e1mci zachovania GDPR. Vyplnen\u00edm formul\u00e1ru s\u00fahlas\u00edm so spracovan\u00edm mojich osobn\u00fdch \u00fadajov nutn\u00fdch na zverejnenie chovn\u00e9ho jedinca. K vyplnen\u00e9mu formul\u00e1ru pros\u00edm prilo\u017ete aj scan rodokme\u0148a a fotografiu (vy\u0161\u0161ej kvality) jedinca (ide\u00e1lne) vo v\u00fdstavnom postoji.    \t\t\t\t<\/div>\n\t\t\t\t\t\t\t\t<div class=\"elementor-field-type-acceptance elementor-field-group elementor-column elementor-field-group-field_155e759 elementor-col-100 elementor-field-required\">\n\t\t\t\t\t\t\t\t\t\t\t\t<label for=\"form-field-field_155e759\" class=\"elementor-field-label\">\n\t\t\t\t\t\t\t\tConsent GDPR\t\t\t\t\t\t\t<\/label>\n\t\t\t\t\t\t\t\t<div class=\"elementor-field-subgroup\">\n\t\t\t<span class=\"elementor-field-option\">\n\t\t\t\t<input type=\"checkbox\" name=\"form_fields[field_155e759]\" id=\"form-field-field_155e759\" class=\"elementor-field elementor-size-sm  elementor-acceptance-field\" required=\"required\">\n\t\t\t\t<label for=\"form-field-field_155e759\"><p style=\"color:#467310;\">Za\u0161krtnut\u00edm ni\u017e\u0161ie uveden\u00e9ho pol\u00ed\u010dka d\u00e1vam svoj s\u00fahlas so spracovan\u00edm mojich osobn\u00fdch \u00fadajov v rozsahu meno a priezvisko, adresa trval\u00e9ho bydliska, emailov\u00e1 adresa spadaj\u00face do kateg\u00f3rie adries a identifik\u00e1cie ako aj opisn\u00e9 \u00fadaje, ak je ich sprac\u00favanie primeran\u00e9 a nevyhnutn\u00e9 vo vz\u0165ahu k \u00fa\u010delu (\u010falej len \u201eOsobn\u00e9 \u00fadaje\u201c), z\u00e1ujmovej organiz\u00e1cii Klub chovate\u013eov ma\u010farsk\u00fdch pastierskych plemien psov, 925 26 Boldog 1 (\u010falej len \u201eklub\u201c) ako prev\u00e1dzkovate\u013eovi, na \u00fa\u010del administr\u00e1cie \u00fadajov o vz\u00e1jomnej spolupr\u00e1ci a plnen\u00ed pr\u00e1v a povinnost\u00ed vypl\u00fdvaj\u00facich zo Stanov \u00daKK a platn\u00fdch Poriadkov vo forme glob\u00e1lneho adres\u00e1ra kontaktov, priameho marketingu a s\u00fahlas\u00edm so zverejnen\u00edm a sprac\u00favan\u00edm svojich Osobn\u00fdch \u00fadajov na m\u00e9di\u00e1ch prev\u00e1dzkovan\u00fdch klubom.<\/p><\/label>\t\t\t<\/span>\n\t\t<\/div>\n\t\t\t\t\t\t<\/div>\n\t\t\t\t\t\t\t\t<div class=\"elementor-field-type-html elementor-field-group elementor-column elementor-field-group-field_93e3c4f elementor-col-100\">\n\t\t\t\t\t<b>Sem nahrajte dokumenty (preukaz o p\u00f4vode psa,fotografiu psa ). <\/b>Max. ve\u013ekos\u0165 jedn\u00e9ho s\u00faboru je 3MB. Akceptovan\u00e9 form\u00e1ty jpg, png, pdf.  \t\t\t\t<\/div>\n\t\t\t\t\t\t\t\t<div class=\"elementor-field-type-upload elementor-field-group elementor-column elementor-field-group-field_b9e9201 elementor-col-33 elementor-field-required\">\n\t\t\t\t\t\t\t\t\t\t\t\t<label for=\"form-field-field_b9e9201\" class=\"elementor-field-label\">\n\t\t\t\t\t\t\t\tSem nahrajte fotografiu psa\t\t\t\t\t\t\t<\/label>\n\t\t\t\t\t\t\t\t<input type=\"file\" name=\"form_fields[field_b9e9201]\" id=\"form-field-field_b9e9201\" class=\"elementor-field elementor-size-sm  elementor-upload-field\" required=\"required\" data-maxsize=\"3\" data-maxsize-message=\"This file exceeds the maximum allowed size.\">\n\n\t\t\t\t\t\t<\/div>\n\t\t\t\t\t\t\t\t<div class=\"elementor-field-type-upload elementor-field-group elementor-column elementor-field-group-field_0d6392c elementor-col-33 elementor-field-required\">\n\t\t\t\t\t\t\t\t\t\t\t\t<label for=\"form-field-field_0d6392c\" class=\"elementor-field-label\">\n\t\t\t\t\t\t\t\tSem nahrajte 1. stranu rodokme\u0148a \t\t\t\t\t\t\t<\/label>\n\t\t\t\t\t\t\t\t<input type=\"file\" name=\"form_fields[field_0d6392c]\" id=\"form-field-field_0d6392c\" class=\"elementor-field elementor-size-sm  elementor-upload-field\" required=\"required\" data-maxsize=\"3\" data-maxsize-message=\"This file exceeds the maximum allowed size.\">\n\n\t\t\t\t\t\t<\/div>\n\t\t\t\t\t\t\t\t<div class=\"elementor-field-type-upload elementor-field-group elementor-column elementor-field-group-field_3f0abdf elementor-col-33 elementor-field-required\">\n\t\t\t\t\t\t\t\t\t\t\t\t<label for=\"form-field-field_3f0abdf\" class=\"elementor-field-label\">\n\t\t\t\t\t\t\t\tSem nahrajte 2. stranu rodokme\u0148a \t\t\t\t\t\t\t<\/label>\n\t\t\t\t\t\t\t\t<input type=\"file\" name=\"form_fields[field_3f0abdf]\" id=\"form-field-field_3f0abdf\" class=\"elementor-field elementor-size-sm  elementor-upload-field\" required=\"required\" data-maxsize=\"3\" data-maxsize-message=\"This file exceeds the maximum allowed size.\">\n\n\t\t\t\t\t\t<\/div>\n\t\t\t\t\t\t\t\t<div class=\"elementor-field-type-textarea elementor-field-group elementor-column elementor-field-group-field_5291e2f elementor-col-100\">\n\t\t\t\t\t\t\t\t\t\t\t\t<label for=\"form-field-field_5291e2f\" class=\"elementor-field-label\">\n\t\t\t\t\t\t\t\tNote:\t\t\t\t\t\t\t<\/label>\n\t\t\t\t\t\t<textarea class=\"elementor-field-textual elementor-field  elementor-size-sm\" name=\"form_fields[field_5291e2f]\" id=\"form-field-field_5291e2f\" rows=\"4\" placeholder=\"Nezabudnite vypni\u0165 MENO PSA. Aktualiz\u00e1cia u\u017e uverejnen\u00e9ho jedinca, do arch\u00edvu - vyraden\u00fd z chovu kv\u00f4li veku \"><\/textarea>\t\t\t\t<\/div>\n\t\t\t\t\t\t\t\t<div class=\"elementor-field-group elementor-column elementor-field-type-submit elementor-col-100 e-form__buttons\">\n\t\t\t\t\t<button class=\"elementor-button elementor-size-sm\" type=\"submit\">\n\t\t\t\t\t\t<span class=\"elementor-button-content-wrapper\">\n\t\t\t\t\t\t\t\t\t\t\t\t\t\t\t\t\t\t\t\t\t\t<span class=\"elementor-button-text\">Send<\/span>\n\t\t\t\t\t\t\t\t\t\t\t\t\t<\/span>\n\t\t\t\t\t<\/button>\n\t\t\t\t<\/div>\n\t\t\t<\/div>\n\t\t<\/form>\n\t\t\t\t\t\t<\/div>\n\t\t\t\t\t<\/div>\n\t\t\t\t<\/div>\n\t\t\t\t<\/div>\n\t\t","protected":false},"excerpt":{"rendered":"<p>Formul\u00e1r na zverejnenie chovn\u00e9ho jedinca na web str\u00e1nke klubu Vypl\u0148te formul\u00e1r online. Do pol\u00ed\u010dka, kde nem\u00e1te \u017eiaden \u00fadaj vlo\u017ete iba poml\u010dku (-). Nezabudnite nahra\u0165 fotok\u00f3piu rodokme\u0148a a fotografiu psa. Ak sa jedn\u00e1 o aktualiz\u00e1ciu \u00fadajov u\u017e zverejnen\u00e9ho jedinca, alebo jedinca vyraden\u00e9ho z chovu &#8211; vek nap\u00ed\u0161te to do pozn\u00e1mky v spodnej \u010dasti formul\u00e1ra. Vyplnen\u00edm formul\u00e1ra [&hellip;]<\/p>\n","protected":false},"author":1,"featured_media":0,"parent":0,"menu_order":0,"comment_status":"closed","ping_status":"closed","template":"","meta":{"slim_seo":{"title":"breeding dog - KCHMPPP","description":"Formul\u00e1r na zverejnenie chovn\u00e9ho jedinca na web str\u00e1nke klubu Vypl\u0148te formul\u00e1r online. Do pol\u00ed\u010dka, kde nem\u00e1te \u017eiaden \u00fadaj vlo\u017ete iba poml\u010dku (-). Nezabudnite na"},"iawp_total_views":0,"footnotes":""},"class_list":["post-1651","page","type-page","status-publish","hentry"],"_links":{"self":[{"href":"https:\/\/www.kchmppp.sk\/en\/wp-json\/wp\/v2\/pages\/1651","targetHints":{"allow":["GET"]}}],"collection":[{"href":"https:\/\/www.kchmppp.sk\/en\/wp-json\/wp\/v2\/pages"}],"about":[{"href":"https:\/\/www.kchmppp.sk\/en\/wp-json\/wp\/v2\/types\/page"}],"author":[{"embeddable":true,"href":"https:\/\/www.kchmppp.sk\/en\/wp-json\/wp\/v2\/users\/1"}],"replies":[{"embeddable":true,"href":"https:\/\/www.kchmppp.sk\/en\/wp-json\/wp\/v2\/comments?post=1651"}],"version-history":[{"count":1,"href":"https:\/\/www.kchmppp.sk\/en\/wp-json\/wp\/v2\/pages\/1651\/revisions"}],"predecessor-version":[{"id":1652,"href":"https:\/\/www.kchmppp.sk\/en\/wp-json\/wp\/v2\/pages\/1651\/revisions\/1652"}],"wp:attachment":[{"href":"https:\/\/www.kchmppp.sk\/en\/wp-json\/wp\/v2\/media?parent=1651"}],"curies":[{"name":"wp","href":"https:\/\/api.w.org\/{rel}","templated":true}]}}