{"id":1175,"date":"2025-12-22T18:16:41","date_gmt":"2025-12-22T17:16:41","guid":{"rendered":"https:\/\/www.kchmppp.sk\/breeds\/puli\/kennels"},"modified":"2025-12-27T21:51:03","modified_gmt":"2025-12-27T20:51:03","slug":"kennels","status":"publish","type":"page","link":"https:\/\/www.kchmppp.sk\/en\/breeds\/puli\/kennels","title":{"rendered":"Kennels"},"content":{"rendered":"\t\t<div data-elementor-type=\"wp-page\" data-elementor-id=\"1175\" class=\"elementor elementor-1175 elementor-99\" data-elementor-post-type=\"page\">\n\t\t\t\t<div class=\"elementor-element elementor-element-1c44f704 e-flex e-con-boxed e-con e-parent\" data-id=\"1c44f704\" data-element_type=\"container\" data-e-type=\"container\">\n\t\t\t\t\t<div class=\"e-con-inner\">\n\t\t<div class=\"elementor-element elementor-element-13beba20 e-con-full e-flex e-con e-child\" data-id=\"13beba20\" data-element_type=\"container\" data-e-type=\"container\">\n\t\t\t\t<div class=\"elementor-element elementor-element-4b9ac078 elementor-widget elementor-widget-text-editor\" data-id=\"4b9ac078\" data-element_type=\"widget\" data-e-type=\"widget\" data-widget_type=\"text-editor.default\">\n\t\t\t\t\t\t\t\t\t<div class=\"ws-widget-container\" data-ws-slots=\"button-group\"><p><span style=\"color: #d94a1a;\"><strong>\u010cIERNA HVIEZDA<\/strong><\/span><\/p><\/div><div class=\"ws-widget-container\" data-ws-slots=\"block-content\"><div class=\"ws-m-feature ws-m-feature--direction-lg-horizontal\"><p>MUDr. Zita Kerak Luk\u00e1\u010dov\u00e1, <br>Boldog 1, 925 26 Boldog <\/p><p><a class=\"ws-link\" href=\"https:\/\/www.puli.sk\/\" target=\"_blank\" rel=\"noopener\"><u class=\"ws-underline\">www.puli.sk<\/u><\/a><\/p><p><a href=\"mailto:lukacova.zita@gmail.com\">lukacova.zita@gmail.com<\/a><\/p><\/div><\/div>\t\t\t\t\t\t\t\t<\/div>\n\t\t\t\t<\/div>\n\t\t<div class=\"elementor-element elementor-element-194f97ec e-con-full e-flex e-con e-child\" data-id=\"194f97ec\" data-element_type=\"container\" data-e-type=\"container\">\n\t\t\t\t<div class=\"elementor-element elementor-element-2aeee805 elementor-widget elementor-widget-image\" data-id=\"2aeee805\" data-element_type=\"widget\" data-e-type=\"widget\" data-widget_type=\"image.default\">\n\t\t\t\t\t\t\t\t\t\t\t\t<figure class=\"wp-caption\">\n\t\t\t\t\t\t\t\t\t\t<img fetchpriority=\"high\" decoding=\"async\" width=\"1200\" height=\"795\" src=\"https:\/\/www.kchmppp.sk\/wp-content\/uploads\/2025\/12\/Zita-Kerak-Lukacova.avif\" class=\"attachment-full size-full wp-image-1173\" alt=\"Zita Kerak Lukacova\" srcset=\"https:\/\/www.kchmppp.sk\/wp-content\/uploads\/2025\/12\/Zita-Kerak-Lukacova.avif 1200w, https:\/\/www.kchmppp.sk\/wp-content\/uploads\/2025\/12\/Zita-Kerak-Lukacova-300x199.jpg 300w, https:\/\/www.kchmppp.sk\/wp-content\/uploads\/2025\/12\/Zita-Kerak-Lukacova-1024x678.jpg 1024w, https:\/\/www.kchmppp.sk\/wp-content\/uploads\/2025\/12\/Zita-Kerak-Lukacova-768x509.jpg 768w\" sizes=\"(max-width: 1200px) 100vw, 1200px\" \/>\t\t\t\t\t\t\t\t\t\t\t<figcaption class=\"widget-image-caption wp-caption-text\"><\/figcaption>\n\t\t\t\t\t\t\t\t\t\t<\/figure>\n\t\t\t\t\t\t\t\t\t<\/div>\n\t\t\t\t<\/div>\n\t\t\t\t\t<\/div>\n\t\t\t\t<\/div>\n\t\t<div class=\"elementor-element elementor-element-1fa047c1 e-flex e-con-boxed e-con e-parent\" data-id=\"1fa047c1\" data-element_type=\"container\" data-e-type=\"container\">\n\t\t\t\t\t<div class=\"e-con-inner\">\n\t\t\t\t<div class=\"elementor-element elementor-element-56de923c elementor-widget-divider--view-line_icon elementor-view-default elementor-widget-divider--element-align-center elementor-widget elementor-widget-divider\" data-id=\"56de923c\" data-element_type=\"widget\" data-e-type=\"widget\" data-widget_type=\"divider.default\">\n\t\t\t\t\t\t\t<div class=\"elementor-divider\">\n\t\t\t<span class=\"elementor-divider-separator\">\n\t\t\t\t\t\t\t<div class=\"elementor-icon elementor-divider__element\">\n\t\t\t\t\t<\/div>\n\t\t\t\t\t\t<\/span>\n\t\t<\/div>\n\t\t\t\t\t\t<\/div>\n\t\t\t\t\t<\/div>\n\t\t\t\t<\/div>\n\t\t<div class=\"elementor-element elementor-element-5f9e772d e-flex e-con-boxed e-con e-parent\" data-id=\"5f9e772d\" data-element_type=\"container\" data-e-type=\"container\">\n\t\t\t\t\t<div class=\"e-con-inner\">\n\t\t<div class=\"elementor-element elementor-element-64ead3f5 e-con-full e-flex e-con e-child\" data-id=\"64ead3f5\" data-element_type=\"container\" data-e-type=\"container\">\n\t\t\t\t<div class=\"elementor-element elementor-element-60cb57bb elementor-widget elementor-widget-text-editor\" data-id=\"60cb57bb\" data-element_type=\"widget\" data-e-type=\"widget\" data-widget_type=\"text-editor.default\">\n\t\t\t\t\t\t\t\t\t<div class=\"ws-widget-container\" data-ws-slots=\"button-group\"><p><span style=\"color: #d94a1a;\"><strong>NAGY DUNA<\/strong><\/span><\/p><\/div><div class=\"ws-widget-container\" data-ws-slots=\"block-content\"><div class=\"ws-m-feature ws-m-feature--direction-lg-horizontal\"><p>\u0160tefan Nagy, <br>Ve\u013ek\u00fd L\u00e9l 817, 946 12 Zlatn\u00e1 na Ostrove<\/p><p><a href=\"mailto:naggypista@gmail.com\">naggypista@gmail.com<\/a><\/p><\/div><\/div>\t\t\t\t\t\t\t\t<\/div>\n\t\t\t\t<\/div>\n\t\t<div class=\"elementor-element elementor-element-48cd5aa6 e-con-full e-flex e-con e-child\" data-id=\"48cd5aa6\" data-element_type=\"container\" data-e-type=\"container\">\n\t\t\t\t<div class=\"elementor-element elementor-element-2b3bcae9 elementor-widget elementor-widget-image\" data-id=\"2b3bcae9\" data-element_type=\"widget\" data-e-type=\"widget\" data-widget_type=\"image.default\">\n\t\t\t\t\t\t\t\t\t\t\t\t<figure class=\"wp-caption\">\n\t\t\t\t\t\t\t\t\t\t<img decoding=\"async\" width=\"1200\" height=\"673\" src=\"https:\/\/www.kchmppp.sk\/wp-content\/uploads\/2025\/12\/Nagy-Duna-.avif\" class=\"attachment-full size-full wp-image-1174\" alt=\"Nagy Duna\" srcset=\"https:\/\/www.kchmppp.sk\/wp-content\/uploads\/2025\/12\/Nagy-Duna-.avif 1200w, https:\/\/www.kchmppp.sk\/wp-content\/uploads\/2025\/12\/Nagy-Duna--300x168.jpg 300w, https:\/\/www.kchmppp.sk\/wp-content\/uploads\/2025\/12\/Nagy-Duna--1024x574.jpg 1024w, https:\/\/www.kchmppp.sk\/wp-content\/uploads\/2025\/12\/Nagy-Duna--768x431.jpg 768w\" sizes=\"(max-width: 1200px) 100vw, 1200px\" \/>\t\t\t\t\t\t\t\t\t\t\t<figcaption class=\"widget-image-caption wp-caption-text\"><\/figcaption>\n\t\t\t\t\t\t\t\t\t\t<\/figure>\n\t\t\t\t\t\t\t\t\t<\/div>\n\t\t\t\t<\/div>\n\t\t\t\t\t<\/div>\n\t\t\t\t<\/div>\n\t\t\t\t<\/div>\n\t\t","protected":false},"excerpt":{"rendered":"<p>\u010cIERNA HVIEZDA MUDr. Zita Kerak Luk\u00e1\u010dov\u00e1, Boldog 1, 925 26 Boldog www.puli.sk lukacova.zita@gmail.com NAGY DUNA \u0160tefan Nagy, Ve\u013ek\u00fd L\u00e9l 817, 946 12 Zlatn\u00e1 na Ostrove naggypista@gmail.com<\/p>\n","protected":false},"author":1,"featured_media":0,"parent":1027,"menu_order":0,"comment_status":"closed","ping_status":"closed","template":"","meta":{"slim_seo":{"title":"Kennels - KCHMPPP","description":"\u010cIERNA HVIEZDA MUDr. Zita Kerak Luk\u00e1\u010dov\u00e1, Boldog 1, 925 26 Boldog www.puli.sk lukacova.zita@gmail.com NAGY DUNA \u0160tefan Nagy, Ve\u013ek\u00fd L\u00e9l 817, 946 12 Zlatn\u00e1 na Ost"},"iawp_total_views":0,"footnotes":""},"class_list":["post-1175","page","type-page","status-publish","hentry"],"_links":{"self":[{"href":"https:\/\/www.kchmppp.sk\/en\/wp-json\/wp\/v2\/pages\/1175","targetHints":{"allow":["GET"]}}],"collection":[{"href":"https:\/\/www.kchmppp.sk\/en\/wp-json\/wp\/v2\/pages"}],"about":[{"href":"https:\/\/www.kchmppp.sk\/en\/wp-json\/wp\/v2\/types\/page"}],"author":[{"embeddable":true,"href":"https:\/\/www.kchmppp.sk\/en\/wp-json\/wp\/v2\/users\/1"}],"replies":[{"embeddable":true,"href":"https:\/\/www.kchmppp.sk\/en\/wp-json\/wp\/v2\/comments?post=1175"}],"version-history":[{"count":0,"href":"https:\/\/www.kchmppp.sk\/en\/wp-json\/wp\/v2\/pages\/1175\/revisions"}],"up":[{"embeddable":true,"href":"https:\/\/www.kchmppp.sk\/en\/wp-json\/wp\/v2\/pages\/1027"}],"wp:attachment":[{"href":"https:\/\/www.kchmppp.sk\/en\/wp-json\/wp\/v2\/media?parent=1175"}],"curies":[{"name":"wp","href":"https:\/\/api.w.org\/{rel}","templated":true}]}}